{"id":4086,"date":"2026-05-11T14:18:59","date_gmt":"2026-05-11T14:18:59","guid":{"rendered":"https:\/\/www.dekattenvrouw.nl\/?post_type=product&#038;p=4086"},"modified":"2026-05-11T15:37:05","modified_gmt":"2026-05-11T15:37:05","slug":"waarom-plast-mijn-kat-naast-de-bak","status":"publish","type":"product","link":"https:\/\/www.dekattenvrouw.nl\/en\/product\/waarom-plast-mijn-kat-naast-de-bak\/","title":{"rendered":"Waarom plast mijn kat naast de bak"},"content":{"rendered":"<h5 data-section-id=\"1oob78z\" data-start=\"116\" data-end=\"140\">Productomschrijving<\/h5>\n<p data-start=\"142\" data-end=\"216\">Plast jouw kat naast de kattenbak\u2026 en heb je echt al van alles geprobeerd?<\/p>\n<p data-start=\"218\" data-end=\"240\">Je bent niet de enige.<\/p>\n<p data-start=\"242\" data-end=\"408\">Onzindelijkheid is \u00e9\u00e9n van de meest voorkomende \u00e9n meest frustrerende problemen bij katten. Maar wat veel mensen niet weten, is dat dit bijna nooit \u201cstout gedrag\u201d is.<\/p>\n<p data-start=\"410\" data-end=\"456\">\ud83d\udc49 Je kat probeert je iets duidelijk te maken.<\/p>\n<p data-start=\"458\" data-end=\"567\">In deze praktische gids help ik je stap voor stap om de oorzaak van het gedrag te begrijpen \u00e9n aan te pakken.<\/p>\n<p data-start=\"569\" data-end=\"689\">Geen ingewikkelde theorie, maar duidelijke uitleg, herkenbare situaties en praktische tips die je direct kunt toepassen.<\/p>\n<h5 data-section-id=\"1y875qe\" data-start=\"696\" data-end=\"736\">\nIn deze gids leer je onder andere:<\/h5>\n<p data-start=\"738\" data-end=\"1089\">\u2714 Waarom katten naast de bak plassen<br data-start=\"774\" data-end=\"777\" \/>\u2714 Het verschil tussen plassen en sproeien<br data-start=\"818\" data-end=\"821\" \/>\u2714 Hoe stress invloed heeft op gedrag<br data-start=\"857\" data-end=\"860\" \/>\u2714 Waar het vaak misgaat bij kattenbakken<br data-start=\"900\" data-end=\"903\" \/>\u2714 Welke kattenbak en vulling katten \u00e9cht prettig vinden<br data-start=\"958\" data-end=\"961\" \/>\u2714 Hoe je urinegeur goed verwijdert<br data-start=\"995\" data-end=\"998\" \/>\u2714 Wat je kunt doen bij spanning tussen katten<br data-start=\"1043\" data-end=\"1046\" \/>\u2714 Hoe je gedrag positief kunt be\u00efnvloeden<\/p>\n<h5 data-section-id=\"1xiutg\" data-start=\"1096\" data-end=\"1124\">\nVoor wie is deze gids?<\/h5>\n<p data-start=\"1126\" data-end=\"1161\">Deze gids is geschikt voor jou als:<\/p>\n<ul data-start=\"1163\" data-end=\"1363\">\n<li data-section-id=\"die3g5\" data-start=\"1163\" data-end=\"1207\">je kat naast de kattenbak plast of poept<\/li>\n<li data-section-id=\"1arv9b4\" data-start=\"1208\" data-end=\"1254\">je twijfelt waar het probleem vandaan komt<\/li>\n<li data-section-id=\"1bmljpo\" data-start=\"1255\" data-end=\"1296\">je al meerdere dingen hebt geprobeerd<\/li>\n<li data-section-id=\"nm3ad2\" data-start=\"1297\" data-end=\"1333\">je jouw kat beter wilt begrijpen<\/li>\n<li data-section-id=\"1bd2zus\" data-start=\"1334\" data-end=\"1363\">je weer rust wilt in huis<\/li>\n<\/ul>\n<h5 data-section-id=\"u97821\" data-start=\"1370\" data-end=\"1410\">\nGeschreven vanuit praktijkervaring<\/h5>\n<p data-start=\"1412\" data-end=\"1541\">Als gedragstherapeut voor katten zie ik dagelijks hoe groot de impact van onzindelijkheid kan zijn, voor zowel kat als eigenaar.<\/p>\n<p data-start=\"1543\" data-end=\"1625\">Daarom heb ik deze gids gemaakt:<br \/>\n\ud83d\udc49 duidelijk<br data-start=\"1588\" data-end=\"1591\" \/>\ud83d\udc49 praktisch<br data-start=\"1603\" data-end=\"1606\" \/>\ud83d\udc49 zonder oordeel<\/p>\n<p data-start=\"1627\" data-end=\"1679\">Zodat jij begrijpt wat je kat probeert te vertellen.<\/p>\n<h5 data-section-id=\"1qnr44k\" data-start=\"1686\" data-end=\"1707\">\nWat ontvang je?<\/h5>\n<ul data-start=\"1709\" data-end=\"1804\">\n<li data-section-id=\"gdecos\" data-start=\"1709\" data-end=\"1730\">Digitale PDF gids<\/li>\n<li data-section-id=\"uhmj5\" data-start=\"1731\" data-end=\"1766\">Direct te downloaden na aankoop<\/li>\n<li data-section-id=\"bhl78\" data-start=\"1767\" data-end=\"1804\">Praktisch stappenplan + checklist<\/li>\n<\/ul>\n<h5 data-section-id=\"78ske7\" data-start=\"1811\" data-end=\"1847\">\nGun jezelf en je kat weer rust<\/h5>\n<p data-start=\"1849\" data-end=\"1945\" data-is-last-node=\"\" data-is-only-node=\"\">Download de gids vandaag nog en begin direct met het begrijpen \u00e9n aanpakken van het probleem.<\/p>","protected":false},"excerpt":{"rendered":"<p data-start=\"33\" data-end=\"105\">Plast jouw kat naast de kattenbak en weet je niet meer wat je moet doen?<\/p>\n<p data-start=\"107\" data-end=\"271\">In deze praktische gids ontdek je stap voor stap waarom katten onzindelijk gedrag vertonen, wat er vaak misgaat bij de kattenbak \u00e9n hoe je weer rust krijgt in huis.<\/p>\n<p data-start=\"273\" data-end=\"364\">\u2714 Praktische tips<br data-start=\"290\" data-end=\"293\" \/>\u2714 Herkenbare situaties<br data-start=\"315\" data-end=\"318\" \/>\u2714 Geschreven door gedragstherapeut voor katten<\/p>\n<p data-start=\"366\" data-end=\"397\" data-is-last-node=\"\" data-is-only-node=\"\">Direct downloadbaar als PDF.<\/p>","protected":false},"featured_media":4106,"comment_status":"open","ping_status":"closed","template":"","meta":{"_glsr_average":0,"_glsr_ranking":0,"_glsr_reviews":0},"product_brand":[],"product_cat":[31],"product_tag":[30],"class_list":{"0":"post-4086","1":"product","2":"type-product","3":"status-publish","4":"has-post-thumbnail","6":"product_cat-gedrag","7":"product_tag-onzindelijkheid","9":"first","10":"instock","11":"sale","12":"downloadable","13":"virtual","14":"taxable","15":"purchasable","16":"product-type-simple"},"yoast_head":"<!-- This site is optimized with the Yoast SEO plugin v27.5 - https:\/\/yoast.com\/product\/yoast-seo-wordpress\/ -->\n<title>Waarom plast mijn kat naast de bak - De Kattenvrouw<\/title>\n<meta name=\"robots\" content=\"index, follow, max-snippet:-1, max-image-preview:large, max-video-preview:-1\" \/>\n<link rel=\"canonical\" href=\"https:\/\/www.dekattenvrouw.nl\/en\/product\/waarom-plast-mijn-kat-naast-de-bak\/\" \/>\n<meta property=\"og:locale\" content=\"en_US\" \/>\n<meta property=\"og:type\" content=\"article\" \/>\n<meta property=\"og:title\" content=\"Waarom plast mijn kat naast de bak - De Kattenvrouw\" \/>\n<meta property=\"og:description\" content=\"Plast jouw kat naast de kattenbak en weet je niet meer wat je moet doen? In deze praktische gids ontdek je stap voor stap waarom katten onzindelijk gedrag vertonen, wat er vaak misgaat bij de kattenbak \u00e9n hoe je weer rust krijgt in huis. \u2714 Praktische tips\u2714 Herkenbare situaties\u2714 Geschreven door gedragstherapeut voor katten Direct downloadbaar als PDF.\" \/>\n<meta property=\"og:url\" content=\"https:\/\/www.dekattenvrouw.nl\/en\/product\/waarom-plast-mijn-kat-naast-de-bak\/\" \/>\n<meta property=\"og:site_name\" content=\"De Kattenvrouw\" \/>\n<meta property=\"article:publisher\" content=\"https:\/\/www.facebook.com\/kattenvrouw\" \/>\n<meta property=\"article:modified_time\" content=\"2026-05-11T15:37:05+00:00\" \/>\n<meta property=\"og:image\" content=\"http:\/\/www.dekattenvrouw.nl\/wp-content\/uploads\/2026\/05\/Naamloos1.jpg\" \/>\n\t<meta property=\"og:image:width\" content=\"2077\" \/>\n\t<meta property=\"og:image:height\" content=\"2043\" \/>\n\t<meta property=\"og:image:type\" content=\"image\/jpeg\" \/>\n<meta name=\"twitter:card\" content=\"summary_large_image\" \/>\n<meta name=\"twitter:label1\" content=\"Est. reading time\" \/>\n\t<meta name=\"twitter:data1\" content=\"2 minutes\" \/>\n<script type=\"application\/ld+json\" class=\"yoast-schema-graph\">{\"@context\":\"https:\\\/\\\/schema.org\",\"@graph\":[{\"@type\":\"WebPage\",\"@id\":\"https:\\\/\\\/www.dekattenvrouw.nl\\\/product\\\/waarom-plast-mijn-kat-naast-de-bak\\\/\",\"url\":\"https:\\\/\\\/www.dekattenvrouw.nl\\\/product\\\/waarom-plast-mijn-kat-naast-de-bak\\\/\",\"name\":\"Waarom plast mijn kat naast de bak - De Kattenvrouw\",\"isPartOf\":{\"@id\":\"https:\\\/\\\/www.dekattenvrouw.nl\\\/#website\"},\"primaryImageOfPage\":{\"@id\":\"https:\\\/\\\/www.dekattenvrouw.nl\\\/product\\\/waarom-plast-mijn-kat-naast-de-bak\\\/#primaryimage\"},\"image\":{\"@id\":\"https:\\\/\\\/www.dekattenvrouw.nl\\\/product\\\/waarom-plast-mijn-kat-naast-de-bak\\\/#primaryimage\"},\"thumbnailUrl\":\"https:\\\/\\\/www.dekattenvrouw.nl\\\/wp-content\\\/uploads\\\/2026\\\/05\\\/Naamloos1.jpg\",\"datePublished\":\"2026-05-11T14:18:59+00:00\",\"dateModified\":\"2026-05-11T15:37:05+00:00\",\"breadcrumb\":{\"@id\":\"https:\\\/\\\/www.dekattenvrouw.nl\\\/product\\\/waarom-plast-mijn-kat-naast-de-bak\\\/#breadcrumb\"},\"inLanguage\":\"en-US\",\"potentialAction\":[{\"@type\":\"ReadAction\",\"target\":[\"https:\\\/\\\/www.dekattenvrouw.nl\\\/product\\\/waarom-plast-mijn-kat-naast-de-bak\\\/\"]}]},{\"@type\":\"ImageObject\",\"inLanguage\":\"en-US\",\"@id\":\"https:\\\/\\\/www.dekattenvrouw.nl\\\/product\\\/waarom-plast-mijn-kat-naast-de-bak\\\/#primaryimage\",\"url\":\"https:\\\/\\\/www.dekattenvrouw.nl\\\/wp-content\\\/uploads\\\/2026\\\/05\\\/Naamloos1.jpg\",\"contentUrl\":\"https:\\\/\\\/www.dekattenvrouw.nl\\\/wp-content\\\/uploads\\\/2026\\\/05\\\/Naamloos1.jpg\",\"width\":2077,\"height\":2043},{\"@type\":\"BreadcrumbList\",\"@id\":\"https:\\\/\\\/www.dekattenvrouw.nl\\\/product\\\/waarom-plast-mijn-kat-naast-de-bak\\\/#breadcrumb\",\"itemListElement\":[{\"@type\":\"ListItem\",\"position\":1,\"name\":\"Home\",\"item\":\"https:\\\/\\\/www.dekattenvrouw.nl\\\/\"},{\"@type\":\"ListItem\",\"position\":2,\"name\":\"Webshop\",\"item\":\"https:\\\/\\\/www.dekattenvrouw.nl\\\/webshop\\\/\"},{\"@type\":\"ListItem\",\"position\":3,\"name\":\"Waarom plast mijn kat naast de bak\"}]},{\"@type\":\"WebSite\",\"@id\":\"https:\\\/\\\/www.dekattenvrouw.nl\\\/#website\",\"url\":\"https:\\\/\\\/www.dekattenvrouw.nl\\\/\",\"name\":\"De kattenvrouw\",\"description\":\"Medische zorg en Kattengedrag - Speciaal voor professionals en katteneigenaren\",\"publisher\":{\"@id\":\"https:\\\/\\\/www.dekattenvrouw.nl\\\/#organization\"},\"potentialAction\":[{\"@type\":\"SearchAction\",\"target\":{\"@type\":\"EntryPoint\",\"urlTemplate\":\"https:\\\/\\\/www.dekattenvrouw.nl\\\/?s={search_term_string}\"},\"query-input\":{\"@type\":\"PropertyValueSpecification\",\"valueRequired\":true,\"valueName\":\"search_term_string\"}}],\"inLanguage\":\"en-US\"},{\"@type\":\"Organization\",\"@id\":\"https:\\\/\\\/www.dekattenvrouw.nl\\\/#organization\",\"name\":\"De Kattenvrouw\",\"url\":\"https:\\\/\\\/www.dekattenvrouw.nl\\\/\",\"logo\":{\"@type\":\"ImageObject\",\"inLanguage\":\"en-US\",\"@id\":\"https:\\\/\\\/www.dekattenvrouw.nl\\\/#\\\/schema\\\/logo\\\/image\\\/\",\"url\":\"https:\\\/\\\/www.dekattenvrouw.nl\\\/wp-content\\\/uploads\\\/2025\\\/07\\\/Logo-ronde-randen.png\",\"contentUrl\":\"https:\\\/\\\/www.dekattenvrouw.nl\\\/wp-content\\\/uploads\\\/2025\\\/07\\\/Logo-ronde-randen.png\",\"width\":100,\"height\":150,\"caption\":\"De Kattenvrouw\"},\"image\":{\"@id\":\"https:\\\/\\\/www.dekattenvrouw.nl\\\/#\\\/schema\\\/logo\\\/image\\\/\"},\"sameAs\":[\"https:\\\/\\\/www.facebook.com\\\/kattenvrouw\",\"https:\\\/\\\/www.instagram.com\\\/de_kattenvrouw\\\/\"]}]}<\/script>\n<!-- \/ Yoast SEO plugin. -->","yoast_head_json":{"title":"Waarom plast mijn kat naast de bak - De Kattenvrouw","robots":{"index":"index","follow":"follow","max-snippet":"max-snippet:-1","max-image-preview":"max-image-preview:large","max-video-preview":"max-video-preview:-1"},"canonical":"https:\/\/www.dekattenvrouw.nl\/en\/product\/waarom-plast-mijn-kat-naast-de-bak\/","og_locale":"en_US","og_type":"article","og_title":"Waarom plast mijn kat naast de bak - De Kattenvrouw","og_description":"Plast jouw kat naast de kattenbak en weet je niet meer wat je moet doen? In deze praktische gids ontdek je stap voor stap waarom katten onzindelijk gedrag vertonen, wat er vaak misgaat bij de kattenbak \u00e9n hoe je weer rust krijgt in huis. \u2714 Praktische tips\u2714 Herkenbare situaties\u2714 Geschreven door gedragstherapeut voor katten Direct downloadbaar als PDF.","og_url":"https:\/\/www.dekattenvrouw.nl\/en\/product\/waarom-plast-mijn-kat-naast-de-bak\/","og_site_name":"De Kattenvrouw","article_publisher":"https:\/\/www.facebook.com\/kattenvrouw","article_modified_time":"2026-05-11T15:37:05+00:00","og_image":[{"width":2077,"height":2043,"url":"http:\/\/www.dekattenvrouw.nl\/wp-content\/uploads\/2026\/05\/Naamloos1.jpg","type":"image\/jpeg"}],"twitter_card":"summary_large_image","twitter_misc":{"Est. reading time":"2 minutes"},"schema":{"@context":"https:\/\/schema.org","@graph":[{"@type":"WebPage","@id":"https:\/\/www.dekattenvrouw.nl\/product\/waarom-plast-mijn-kat-naast-de-bak\/","url":"https:\/\/www.dekattenvrouw.nl\/product\/waarom-plast-mijn-kat-naast-de-bak\/","name":"Waarom plast mijn kat naast de bak - De Kattenvrouw","isPartOf":{"@id":"https:\/\/www.dekattenvrouw.nl\/#website"},"primaryImageOfPage":{"@id":"https:\/\/www.dekattenvrouw.nl\/product\/waarom-plast-mijn-kat-naast-de-bak\/#primaryimage"},"image":{"@id":"https:\/\/www.dekattenvrouw.nl\/product\/waarom-plast-mijn-kat-naast-de-bak\/#primaryimage"},"thumbnailUrl":"https:\/\/www.dekattenvrouw.nl\/wp-content\/uploads\/2026\/05\/Naamloos1.jpg","datePublished":"2026-05-11T14:18:59+00:00","dateModified":"2026-05-11T15:37:05+00:00","breadcrumb":{"@id":"https:\/\/www.dekattenvrouw.nl\/product\/waarom-plast-mijn-kat-naast-de-bak\/#breadcrumb"},"inLanguage":"en-US","potentialAction":[{"@type":"ReadAction","target":["https:\/\/www.dekattenvrouw.nl\/product\/waarom-plast-mijn-kat-naast-de-bak\/"]}]},{"@type":"ImageObject","inLanguage":"en-US","@id":"https:\/\/www.dekattenvrouw.nl\/product\/waarom-plast-mijn-kat-naast-de-bak\/#primaryimage","url":"https:\/\/www.dekattenvrouw.nl\/wp-content\/uploads\/2026\/05\/Naamloos1.jpg","contentUrl":"https:\/\/www.dekattenvrouw.nl\/wp-content\/uploads\/2026\/05\/Naamloos1.jpg","width":2077,"height":2043},{"@type":"BreadcrumbList","@id":"https:\/\/www.dekattenvrouw.nl\/product\/waarom-plast-mijn-kat-naast-de-bak\/#breadcrumb","itemListElement":[{"@type":"ListItem","position":1,"name":"Home","item":"https:\/\/www.dekattenvrouw.nl\/"},{"@type":"ListItem","position":2,"name":"Webshop","item":"https:\/\/www.dekattenvrouw.nl\/webshop\/"},{"@type":"ListItem","position":3,"name":"Waarom plast mijn kat naast de bak"}]},{"@type":"WebSite","@id":"https:\/\/www.dekattenvrouw.nl\/#website","url":"https:\/\/www.dekattenvrouw.nl\/","name":"De kattenvrouw","description":"Medische zorg en Kattengedrag - Speciaal voor professionals en katteneigenaren","publisher":{"@id":"https:\/\/www.dekattenvrouw.nl\/#organization"},"potentialAction":[{"@type":"SearchAction","target":{"@type":"EntryPoint","urlTemplate":"https:\/\/www.dekattenvrouw.nl\/?s={search_term_string}"},"query-input":{"@type":"PropertyValueSpecification","valueRequired":true,"valueName":"search_term_string"}}],"inLanguage":"en-US"},{"@type":"Organization","@id":"https:\/\/www.dekattenvrouw.nl\/#organization","name":"De Kattenvrouw","url":"https:\/\/www.dekattenvrouw.nl\/","logo":{"@type":"ImageObject","inLanguage":"en-US","@id":"https:\/\/www.dekattenvrouw.nl\/#\/schema\/logo\/image\/","url":"https:\/\/www.dekattenvrouw.nl\/wp-content\/uploads\/2025\/07\/Logo-ronde-randen.png","contentUrl":"https:\/\/www.dekattenvrouw.nl\/wp-content\/uploads\/2025\/07\/Logo-ronde-randen.png","width":100,"height":150,"caption":"De Kattenvrouw"},"image":{"@id":"https:\/\/www.dekattenvrouw.nl\/#\/schema\/logo\/image\/"},"sameAs":["https:\/\/www.facebook.com\/kattenvrouw","https:\/\/www.instagram.com\/de_kattenvrouw\/"]}]}},"_links":{"self":[{"href":"https:\/\/www.dekattenvrouw.nl\/en\/wp-json\/wp\/v2\/product\/4086","targetHints":{"allow":["GET"]}}],"collection":[{"href":"https:\/\/www.dekattenvrouw.nl\/en\/wp-json\/wp\/v2\/product"}],"about":[{"href":"https:\/\/www.dekattenvrouw.nl\/en\/wp-json\/wp\/v2\/types\/product"}],"replies":[{"embeddable":true,"href":"https:\/\/www.dekattenvrouw.nl\/en\/wp-json\/wp\/v2\/comments?post=4086"}],"wp:featuredmedia":[{"embeddable":true,"href":"https:\/\/www.dekattenvrouw.nl\/en\/wp-json\/wp\/v2\/media\/4106"}],"wp:attachment":[{"href":"https:\/\/www.dekattenvrouw.nl\/en\/wp-json\/wp\/v2\/media?parent=4086"}],"wp:term":[{"taxonomy":"product_brand","embeddable":true,"href":"https:\/\/www.dekattenvrouw.nl\/en\/wp-json\/wp\/v2\/product_brand?post=4086"},{"taxonomy":"product_cat","embeddable":true,"href":"https:\/\/www.dekattenvrouw.nl\/en\/wp-json\/wp\/v2\/product_cat?post=4086"},{"taxonomy":"product_tag","embeddable":true,"href":"https:\/\/www.dekattenvrouw.nl\/en\/wp-json\/wp\/v2\/product_tag?post=4086"}],"curies":[{"name":"wp","href":"https:\/\/api.w.org\/{rel}","templated":true}]}}