{"id":616,"date":"2025-07-21T19:56:40","date_gmt":"2025-07-21T19:56:40","guid":{"rendered":"http:\/\/192.168.0.119:30041\/?page_id=616"},"modified":"2025-10-12T20:45:13","modified_gmt":"2025-10-12T20:45:13","slug":"gedragstherapie","status":"publish","type":"page","link":"https:\/\/www.dekattenvrouw.nl\/en\/particulier\/gedragstherapie\/","title":{"rendered":"Behavioral therapy"},"content":{"rendered":"<div data-elementor-type=\"wp-page\" data-elementor-id=\"616\" class=\"elementor elementor-616\" data-elementor-post-type=\"page\">\n\t\t\t\t<div class=\"elementor-element elementor-element-9910593 e-con-full e-flex e-con e-parent\" data-id=\"9910593\" data-element_type=\"container\" data-e-type=\"container\">\n\t\t\t\t<div class=\"elementor-element elementor-element-eaa13ea elementor-widget elementor-widget-spacer\" data-id=\"eaa13ea\" data-element_type=\"widget\" data-e-type=\"widget\" data-widget_type=\"spacer.default\">\n\t\t\t\t\t\t\t<div class=\"elementor-spacer\">\n\t\t\t<div class=\"elementor-spacer-inner\"><\/div>\n\t\t<\/div>\n\t\t\t\t\t\t<\/div>\n\t\t\t\t<div class=\"elementor-element elementor-element-4604ad1 elementor-widget elementor-widget-heading\" data-id=\"4604ad1\" data-element_type=\"widget\" data-e-type=\"widget\" data-widget_type=\"heading.default\">\n\t\t\t\t\t<h2 class=\"elementor-heading-title elementor-size-default\">Behavioral therapy for cats<\/h2>\t\t\t\t<\/div>\n\t\t\t\t<\/div>\n\t\t<div class=\"elementor-element elementor-element-9e7c224 e-grid e-con-full e-con e-parent\" data-id=\"9e7c224\" data-element_type=\"container\" data-e-type=\"container\">\n\t\t\t\t<div class=\"elementor-element elementor-element-9650a85 elementor-widget elementor-widget-spacer\" data-id=\"9650a85\" data-element_type=\"widget\" data-e-type=\"widget\" data-widget_type=\"spacer.default\">\n\t\t\t\t\t\t\t<div class=\"elementor-spacer\">\n\t\t\t<div class=\"elementor-spacer-inner\"><\/div>\n\t\t<\/div>\n\t\t\t\t\t\t<\/div>\n\t\t\t\t<\/div>\n\t\t<div class=\"elementor-element elementor-element-ed32cde e-con-full e-flex e-con e-parent\" data-id=\"ed32cde\" data-element_type=\"container\" data-e-type=\"container\">\n\t\t\t\t<div class=\"elementor-element elementor-element-d6033e4 elementor-widget elementor-widget-spacer\" data-id=\"d6033e4\" data-element_type=\"widget\" data-e-type=\"widget\" data-widget_type=\"spacer.default\">\n\t\t\t\t\t\t\t<div class=\"elementor-spacer\">\n\t\t\t<div class=\"elementor-spacer-inner\"><\/div>\n\t\t<\/div>\n\t\t\t\t\t\t<\/div>\n\t\t\t\t<div class=\"elementor-element elementor-element-f1aac58 elementor-widget elementor-widget-text-editor\" data-id=\"f1aac58\" data-element_type=\"widget\" data-e-type=\"widget\" data-widget_type=\"text-editor.default\">\n\t\t\t\t\t\t\t\t\t<p data-start=\"257\" data-end=\"594\">As a certified cat behavior therapist, I help owners who are dealing with problem behavior in their cats.<\/p>\n<p data-start=\"257\" data-end=\"594\">Think of issues such as uncleanliness, aggression, anxiety, spraying, or tensions between cats in the same household. Together, we will look at the cause of the behavior and work on a solution that suits your cat and your home situation.<\/p>\n<p data-start=\"596\" data-end=\"854\">Cats often show subtle signals. By understanding their behavior well and guiding them in the right way, we can prevent or remedy many problems.<\/p>\n<p data-start=\"596\" data-end=\"854\">My approach is calm, animal-friendly, and based on the latest insights into cat behavior.<\/p>\n<br>\n<ul>\n \t<li data-start=\"856\" data-end=\"1019\"><a class=\"decorated-link\" href=\"https:\/\/www.dekattenvrouw.nl\/en\/particulier\/gedragstherapie\/wat-houdt-het-precies-in\/\" rel=\"noopener\" data-start=\"859\" data-end=\"925\">What exactly does behavioral therapy involve?<\/a><\/li>\n \t<li data-start=\"856\" data-end=\"1019\"><a class=\"decorated-link\" href=\"https:\/\/www.dekattenvrouw.nl\/en\/particulier\/gedragstherapie\/telefonisch-consult\/\" rel=\"noopener\" data-start=\"931\" data-end=\"974\">Telephone consultation<\/a><\/li>\n \t<li data-start=\"856\" data-end=\"1019\"><a class=\"decorated-link\" href=\"https:\/\/www.dekattenvrouw.nl\/en\/particulier\/gedragstherapie\/consult-aan-huis\/\" rel=\"noopener\" data-start=\"980\" data-end=\"1017\">Home consultation<\/a><\/li>\n<\/ul>\n<p data-start=\"1021\" data-end=\"1156\">\n<br>\nWould you like to know what I can do for you and your cat? Feel free to contact me for more information or to make an appointment right away.<\/p>\t\t\t\t\t\t\t\t<\/div>\n\t\t\t\t<\/div>\n\t\t<div class=\"elementor-element elementor-element-7265b57 e-con-full e-flex e-con e-parent\" data-id=\"7265b57\" data-element_type=\"container\" data-e-type=\"container\" data-settings=\"{&quot;background_background&quot;:&quot;classic&quot;}\">\n\t\t\t\t<div class=\"elementor-element elementor-element-bdc7bf8 elementor-widget elementor-widget-text-editor\" data-id=\"bdc7bf8\" data-element_type=\"widget\" data-e-type=\"widget\" data-widget_type=\"text-editor.default\">\n\t\t\t\t\t\t\t\t\t<p>\u00a0<\/p><p>\u00a0<\/p><p>\u00a0<\/p>\t\t\t\t\t\t\t\t<\/div>\n\t\t\t\t<\/div>\n\t\t\t\t<\/div>","protected":false},"excerpt":{"rendered":"<p>Gedragstherapie voor katten Als gediplomeerd kattengedragstherapeut help ik eigenaren die te maken hebben met probleemgedrag bij hun kat. Denk aan onzindelijkheid, agressie, angst, sproeien of spanningen tussen katten in \u00e9\u00e9n huishouden. Samen kijken we naar de oorzaak van het gedrag en werken we aan een oplossing die past bij jouw kat \u00e9n jouw thuissituatie. Katten [&hellip;]<\/p>\n","protected":false},"author":1,"featured_media":0,"parent":177,"menu_order":0,"comment_status":"closed","ping_status":"closed","template":"","meta":{"_glsr_average":0,"_glsr_ranking":0,"_glsr_reviews":0,"footnotes":""},"class_list":["post-616","page","type-page","status-publish","hentry"],"blocksy_meta":[],"yoast_head":"<!-- This site is optimized with the Yoast SEO plugin v27.4 - https:\/\/yoast.com\/product\/yoast-seo-wordpress\/ -->\n<title>Gedragstherapie - De Kattenvrouw<\/title>\n<meta name=\"description\" content=\"Professionele gedragstherapie voor katten. gediplomeerd gedragstherapeut. Onzindelijkheid, agressie, angst, stress, onrust etc.\" \/>\n<meta name=\"robots\" content=\"index, follow, max-snippet:-1, max-image-preview:large, max-video-preview:-1\" \/>\n<link rel=\"canonical\" href=\"https:\/\/www.dekattenvrouw.nl\/en\/particulier\/gedragstherapie\/\" \/>\n<meta property=\"og:locale\" content=\"en_US\" \/>\n<meta property=\"og:type\" content=\"article\" \/>\n<meta property=\"og:title\" content=\"Gedragstherapie - De Kattenvrouw\" \/>\n<meta property=\"og:description\" content=\"Professionele gedragstherapie voor katten. gediplomeerd gedragstherapeut. Onzindelijkheid, agressie, angst, stress, onrust etc.\" \/>\n<meta property=\"og:url\" content=\"https:\/\/www.dekattenvrouw.nl\/en\/particulier\/gedragstherapie\/\" \/>\n<meta property=\"og:site_name\" content=\"De Kattenvrouw\" \/>\n<meta property=\"article:publisher\" content=\"https:\/\/www.facebook.com\/kattenvrouw\" \/>\n<meta property=\"article:modified_time\" content=\"2025-10-12T20:45:13+00:00\" \/>\n<meta name=\"twitter:card\" content=\"summary_large_image\" \/>\n<meta name=\"twitter:label1\" content=\"Est. reading time\" \/>\n\t<meta name=\"twitter:data1\" content=\"1 minute\" \/>\n<script type=\"application\/ld+json\" class=\"yoast-schema-graph\">{\"@context\":\"https:\\\/\\\/schema.org\",\"@graph\":[{\"@type\":\"WebPage\",\"@id\":\"https:\\\/\\\/www.dekattenvrouw.nl\\\/particulier\\\/gedragstherapie\\\/\",\"url\":\"https:\\\/\\\/www.dekattenvrouw.nl\\\/particulier\\\/gedragstherapie\\\/\",\"name\":\"Gedragstherapie - De Kattenvrouw\",\"isPartOf\":{\"@id\":\"https:\\\/\\\/www.dekattenvrouw.nl\\\/#website\"},\"datePublished\":\"2025-07-21T19:56:40+00:00\",\"dateModified\":\"2025-10-12T20:45:13+00:00\",\"description\":\"Professionele gedragstherapie voor katten. gediplomeerd gedragstherapeut. Onzindelijkheid, agressie, angst, stress, onrust etc.\",\"breadcrumb\":{\"@id\":\"https:\\\/\\\/www.dekattenvrouw.nl\\\/particulier\\\/gedragstherapie\\\/#breadcrumb\"},\"inLanguage\":\"en-US\",\"potentialAction\":[{\"@type\":\"ReadAction\",\"target\":[\"https:\\\/\\\/www.dekattenvrouw.nl\\\/particulier\\\/gedragstherapie\\\/\"]}]},{\"@type\":\"BreadcrumbList\",\"@id\":\"https:\\\/\\\/www.dekattenvrouw.nl\\\/particulier\\\/gedragstherapie\\\/#breadcrumb\",\"itemListElement\":[{\"@type\":\"ListItem\",\"position\":1,\"name\":\"Home\",\"item\":\"https:\\\/\\\/www.dekattenvrouw.nl\\\/\"},{\"@type\":\"ListItem\",\"position\":2,\"name\":\"Particulier\",\"item\":\"https:\\\/\\\/www.dekattenvrouw.nl\\\/particulier\\\/\"},{\"@type\":\"ListItem\",\"position\":3,\"name\":\"Gedragstherapie\"}]},{\"@type\":\"WebSite\",\"@id\":\"https:\\\/\\\/www.dekattenvrouw.nl\\\/#website\",\"url\":\"https:\\\/\\\/www.dekattenvrouw.nl\\\/\",\"name\":\"De kattenvrouw\",\"description\":\"Medische zorg en Kattengedrag - Speciaal voor professionals en katteneigenaren\",\"publisher\":{\"@id\":\"https:\\\/\\\/www.dekattenvrouw.nl\\\/#organization\"},\"potentialAction\":[{\"@type\":\"SearchAction\",\"target\":{\"@type\":\"EntryPoint\",\"urlTemplate\":\"https:\\\/\\\/www.dekattenvrouw.nl\\\/?s={search_term_string}\"},\"query-input\":{\"@type\":\"PropertyValueSpecification\",\"valueRequired\":true,\"valueName\":\"search_term_string\"}}],\"inLanguage\":\"en-US\"},{\"@type\":\"Organization\",\"@id\":\"https:\\\/\\\/www.dekattenvrouw.nl\\\/#organization\",\"name\":\"De Kattenvrouw\",\"url\":\"https:\\\/\\\/www.dekattenvrouw.nl\\\/\",\"logo\":{\"@type\":\"ImageObject\",\"inLanguage\":\"en-US\",\"@id\":\"https:\\\/\\\/www.dekattenvrouw.nl\\\/#\\\/schema\\\/logo\\\/image\\\/\",\"url\":\"https:\\\/\\\/www.dekattenvrouw.nl\\\/wp-content\\\/uploads\\\/2025\\\/07\\\/Logo-ronde-randen.png\",\"contentUrl\":\"https:\\\/\\\/www.dekattenvrouw.nl\\\/wp-content\\\/uploads\\\/2025\\\/07\\\/Logo-ronde-randen.png\",\"width\":100,\"height\":150,\"caption\":\"De Kattenvrouw\"},\"image\":{\"@id\":\"https:\\\/\\\/www.dekattenvrouw.nl\\\/#\\\/schema\\\/logo\\\/image\\\/\"},\"sameAs\":[\"https:\\\/\\\/www.facebook.com\\\/kattenvrouw\",\"https:\\\/\\\/www.instagram.com\\\/de_kattenvrouw\\\/\"]}]}<\/script>\n<!-- \/ Yoast SEO plugin. -->","yoast_head_json":{"title":"Gedragstherapie - De Kattenvrouw","description":"Professionele gedragstherapie voor katten. gediplomeerd gedragstherapeut. Onzindelijkheid, agressie, angst, stress, onrust etc.","robots":{"index":"index","follow":"follow","max-snippet":"max-snippet:-1","max-image-preview":"max-image-preview:large","max-video-preview":"max-video-preview:-1"},"canonical":"https:\/\/www.dekattenvrouw.nl\/en\/particulier\/gedragstherapie\/","og_locale":"en_US","og_type":"article","og_title":"Gedragstherapie - De Kattenvrouw","og_description":"Professionele gedragstherapie voor katten. gediplomeerd gedragstherapeut. Onzindelijkheid, agressie, angst, stress, onrust etc.","og_url":"https:\/\/www.dekattenvrouw.nl\/en\/particulier\/gedragstherapie\/","og_site_name":"De Kattenvrouw","article_publisher":"https:\/\/www.facebook.com\/kattenvrouw","article_modified_time":"2025-10-12T20:45:13+00:00","twitter_card":"summary_large_image","twitter_misc":{"Est. reading time":"1 minute"},"schema":{"@context":"https:\/\/schema.org","@graph":[{"@type":"WebPage","@id":"https:\/\/www.dekattenvrouw.nl\/particulier\/gedragstherapie\/","url":"https:\/\/www.dekattenvrouw.nl\/particulier\/gedragstherapie\/","name":"Gedragstherapie - De Kattenvrouw","isPartOf":{"@id":"https:\/\/www.dekattenvrouw.nl\/#website"},"datePublished":"2025-07-21T19:56:40+00:00","dateModified":"2025-10-12T20:45:13+00:00","description":"Professionele gedragstherapie voor katten. gediplomeerd gedragstherapeut. Onzindelijkheid, agressie, angst, stress, onrust etc.","breadcrumb":{"@id":"https:\/\/www.dekattenvrouw.nl\/particulier\/gedragstherapie\/#breadcrumb"},"inLanguage":"en-US","potentialAction":[{"@type":"ReadAction","target":["https:\/\/www.dekattenvrouw.nl\/particulier\/gedragstherapie\/"]}]},{"@type":"BreadcrumbList","@id":"https:\/\/www.dekattenvrouw.nl\/particulier\/gedragstherapie\/#breadcrumb","itemListElement":[{"@type":"ListItem","position":1,"name":"Home","item":"https:\/\/www.dekattenvrouw.nl\/"},{"@type":"ListItem","position":2,"name":"Particulier","item":"https:\/\/www.dekattenvrouw.nl\/particulier\/"},{"@type":"ListItem","position":3,"name":"Gedragstherapie"}]},{"@type":"WebSite","@id":"https:\/\/www.dekattenvrouw.nl\/#website","url":"https:\/\/www.dekattenvrouw.nl\/","name":"De kattenvrouw","description":"Medische zorg en Kattengedrag - Speciaal voor professionals en katteneigenaren","publisher":{"@id":"https:\/\/www.dekattenvrouw.nl\/#organization"},"potentialAction":[{"@type":"SearchAction","target":{"@type":"EntryPoint","urlTemplate":"https:\/\/www.dekattenvrouw.nl\/?s={search_term_string}"},"query-input":{"@type":"PropertyValueSpecification","valueRequired":true,"valueName":"search_term_string"}}],"inLanguage":"en-US"},{"@type":"Organization","@id":"https:\/\/www.dekattenvrouw.nl\/#organization","name":"De Kattenvrouw","url":"https:\/\/www.dekattenvrouw.nl\/","logo":{"@type":"ImageObject","inLanguage":"en-US","@id":"https:\/\/www.dekattenvrouw.nl\/#\/schema\/logo\/image\/","url":"https:\/\/www.dekattenvrouw.nl\/wp-content\/uploads\/2025\/07\/Logo-ronde-randen.png","contentUrl":"https:\/\/www.dekattenvrouw.nl\/wp-content\/uploads\/2025\/07\/Logo-ronde-randen.png","width":100,"height":150,"caption":"De Kattenvrouw"},"image":{"@id":"https:\/\/www.dekattenvrouw.nl\/#\/schema\/logo\/image\/"},"sameAs":["https:\/\/www.facebook.com\/kattenvrouw","https:\/\/www.instagram.com\/de_kattenvrouw\/"]}]}},"_links":{"self":[{"href":"https:\/\/www.dekattenvrouw.nl\/en\/wp-json\/wp\/v2\/pages\/616","targetHints":{"allow":["GET"]}}],"collection":[{"href":"https:\/\/www.dekattenvrouw.nl\/en\/wp-json\/wp\/v2\/pages"}],"about":[{"href":"https:\/\/www.dekattenvrouw.nl\/en\/wp-json\/wp\/v2\/types\/page"}],"author":[{"embeddable":true,"href":"https:\/\/www.dekattenvrouw.nl\/en\/wp-json\/wp\/v2\/users\/1"}],"replies":[{"embeddable":true,"href":"https:\/\/www.dekattenvrouw.nl\/en\/wp-json\/wp\/v2\/comments?post=616"}],"version-history":[{"count":2,"href":"https:\/\/www.dekattenvrouw.nl\/en\/wp-json\/wp\/v2\/pages\/616\/revisions"}],"predecessor-version":[{"id":3299,"href":"https:\/\/www.dekattenvrouw.nl\/en\/wp-json\/wp\/v2\/pages\/616\/revisions\/3299"}],"up":[{"embeddable":true,"href":"https:\/\/www.dekattenvrouw.nl\/en\/wp-json\/wp\/v2\/pages\/177"}],"wp:attachment":[{"href":"https:\/\/www.dekattenvrouw.nl\/en\/wp-json\/wp\/v2\/media?parent=616"}],"curies":[{"name":"wp","href":"https:\/\/api.w.org\/{rel}","templated":true}]}}